{"id":16,"date":"2018-03-15T10:52:22","date_gmt":"2018-03-15T10:52:22","guid":{"rendered":"http:\/\/wp.efforttech.net\/newwp\/shina\/?page_id=16"},"modified":"2020-12-05T10:38:53","modified_gmt":"2020-12-05T09:38:53","slug":"quienes-somos","status":"publish","type":"page","link":"https:\/\/www.trujilloinmobiliariasl.com\/index.php\/quienes-somos\/","title":{"rendered":"Quienes Somos"},"content":{"rendered":"<p><section class=\"kc-elm kc-css-117517 kc_row\"><div class=\"kc-row-container\"><div class=\"kc-wrap-columns\"><div class=\"kc-elm kc-css-202438 kc_col-sm-12 kc_column kc_col-sm-12\"><div class=\"kc-col-container\">\r\n<!--About Section-->\r\n<section class=\"about-section\" style=\"background-image:url(https:\/\/www.trujilloinmobiliariasl.com\/wp-content\/themes\/shina\/images\/background\/7.jpg)\">\r\n    <div class=\"auto-container\">\r\n        <div class=\"row clearfix\">\r\n\r\n            <!--Content Column-->\r\n            <div class=\"content-column col-md-6 col-sm-12 col-xs-12\">\r\n                <div class=\"inner-column\">\r\n                    <!--Sec Title-->\r\n                    <div class=\"sec-title\">\r\n                        <div class=\"title\">Sobre Trujillo Servicios Inmobiliarios S.L.<\/div>\r\n                        <h2>Quienes Somos<\/h2>\r\n                        <div class=\"separator\"><\/div>\r\n                    <\/div>\r\n                    <div class=\"bold-text\">Vender una propiedad, es m\u00e1s dificil de lo que parece, debido a factores como disponibilidad, conocimiento del mercado, dedicaci\u00f3n, etc., factores que nuestro personal experto maneja de forma excepcional.<\/div>\r\n                    <div class=\"text\">\r\n                        <p>Trujillo Servicios Inmobiliarios, nace de una Administraci\u00f3n de Fincas en Madrid, Administraciones Trujillo, que cuenta con m\u00e1s de 30 a\u00f1os de experiencia en el sector. Nuestro elemento diferenciador es el trato y seguimiento hacia nuestros clientes, consiguiendo una relaci\u00f3n cercana, transparente y efectiva.<\/p>\r\n                            <p>Trujillo Servicios Inmobiliarios S.L., no es una inmobiliaria al uso, adem\u00e1s de realizar una m\u00e1xima divulgaci\u00f3n en diferrentes portales inmobiliarios, sacamos el m\u00e1ximo provecho, compartiendo la venta de su vivienda con el resto de inmobiliarias colaboradoras, as\u00ed como una amplia cartera de inversores particulares, lo que supone disponer de m\u00e1s clientes compradores que ninguna otra inmobiliaria, consiguiendo as\u00ed ofertas serias en un corto per\u00edodo de tiempo, ofreci\u00e9ndole como propietario, la tranquilidad y seriedad que se merece.<\/p>\r\n                            <p>Disponemos de un equipo experto en la materia, realizamos sus fotograf\u00edas, tours virtuales, y si fuera necesario, realizaremos el retoque fotogr\u00e1fico necesario.<\/p>\r\n                            <p>Gestionamos alquileres, alquileres con opci\u00f3n a compra, compra-venta, y gesti\u00f3n de patrimonio inmobiliario de cualquier \u00edndole, tanto de viviendas, locales, naves, terrenos y edificios. Adem\u00e1s disponemos de servicio de asesor\u00eda, financiaci\u00f3n y notar\u00eda..<\/p>                    <\/div>\r\n                <\/div>\r\n            <\/div>\r\n            <!--Image Column-->\r\n            <div class=\"image-column col-md-6 col-sm-12 col-xs-12\">\r\n                <div class=\"image\">\r\n                    <img src=\"https:\/\/www.trujilloinmobiliariasl.com\/wp-content\/uploads\/2018\/03\/2-300x242.jpg\" alt=\"image\" \/>\r\n                <\/div>\r\n            <\/div>\r\n\r\n        <\/div>\r\n    <\/div>\r\n<\/section>\r\n<!--End About Section--><\/div><\/div><\/div><\/div><\/section><section class=\"kc-elm kc-css-600971 kc_row\"><div class=\"kc-row-container\"><div class=\"kc-wrap-columns\"><div class=\"kc-elm kc-css-519319 kc_col-sm-12 kc_column kc_col-sm-12\"><div class=\"kc-col-container\">\r\n \r\n\r\n<!--Services Section-->\r\n<section class=\"services-section\">\r\n    <div class=\"auto-container\">\r\n        <!--Sec Title-->\r\n        <div class=\"sec-title centered\">\r\n            <div class=\"title\">Ofrecemos las mejores propiedades inmobiliarias<\/div>\r\n            <h2>Nuestros Servicios<\/h2>\r\n            <div class=\"separator\"><\/div>\r\n        <\/div>\r\n        <div class=\"row clearfix\">\r\n                            <!--Services Block-->\r\n                <div class=\"services-block col-md-4 col-sm-6 col-xs-12\">\r\n                    <div class=\"inner-box\">\r\n                        <div class=\"icon-box\">\r\n                            <span class=\"icon fa fa-home\"><\/span>\r\n                        <\/div>\r\n                        <h3><a href=\"\">Tramitamos la venta<\/a><\/h3>\r\n                        <div class=\"text\"><\/div>\r\n                    <\/div>\r\n                <\/div>\r\n                            <!--Services Block-->\r\n                <div class=\"services-block col-md-4 col-sm-6 col-xs-12\">\r\n                    <div class=\"inner-box\">\r\n                        <div class=\"icon-box\">\r\n                            <span class=\"icon fa fa-building-o\"><\/span>\r\n                        <\/div>\r\n                        <h3><a href=\"\">Gesti\u00f3n de alquileres<\/a><\/h3>\r\n                        <div class=\"text\"><\/div>\r\n                    <\/div>\r\n                <\/div>\r\n                            <!--Services Block-->\r\n                <div class=\"services-block col-md-4 col-sm-6 col-xs-12\">\r\n                    <div class=\"inner-box\">\r\n                        <div class=\"icon-box\">\r\n                            <span class=\"icon fa fa-envelope-o\"><\/span>\r\n                        <\/div>\r\n                        <h3><a href=\"\">Seguros y Garant\u00edas<\/a><\/h3>\r\n                        <div class=\"text\"><\/div>\r\n                    <\/div>\r\n                <\/div>\r\n                            <!--Services Block-->\r\n                <div class=\"services-block col-md-4 col-sm-6 col-xs-12\">\r\n                    <div class=\"inner-box\">\r\n                        <div class=\"icon-box\">\r\n                            <span class=\"icon fa fa-credit-card\"><\/span>\r\n                        <\/div>\r\n                        <h3><a href=\"\">Intermediaci\u00f3n hipotecaria<\/a><\/h3>\r\n                        <div class=\"text\"><\/div>\r\n                    <\/div>\r\n                <\/div>\r\n                            <!--Services Block-->\r\n                <div class=\"services-block col-md-4 col-sm-6 col-xs-12\">\r\n                    <div class=\"inner-box\">\r\n                        <div class=\"icon-box\">\r\n                            <span class=\"icon fa fa-money\"><\/span>\r\n                        <\/div>\r\n                        <h3><a href=\"\">Tasaci\u00f3n de la vivienda<\/a><\/h3>\r\n                        <div class=\"text\"><\/div>\r\n                    <\/div>\r\n                <\/div>\r\n                            <!--Services Block-->\r\n                <div class=\"services-block col-md-4 col-sm-6 col-xs-12\">\r\n                    <div class=\"inner-box\">\r\n                        <div class=\"icon-box\">\r\n                            <span class=\"icon fa fa-user\"><\/span>\r\n                        <\/div>\r\n                        <h3><a href=\"\">Consultor\u00eda<\/a><\/h3>\r\n                        <div class=\"text\"><\/div>\r\n                    <\/div>\r\n                <\/div>\r\n                    <\/div>\r\n    <\/div>\r\n<\/section>\r\n<!--End Services Section-->\r\n\r\n<\/div><\/div><\/div><\/div><\/section><\/p>\n","protected":false},"excerpt":{"rendered":"","protected":false},"author":1,"featured_media":0,"parent":0,"menu_order":0,"comment_status":"closed","ping_status":"closed","template":"tpl-king_composer.php","meta":[],"_links":{"self":[{"href":"https:\/\/www.trujilloinmobiliariasl.com\/index.php\/wp-json\/wp\/v2\/pages\/16"}],"collection":[{"href":"https:\/\/www.trujilloinmobiliariasl.com\/index.php\/wp-json\/wp\/v2\/pages"}],"about":[{"href":"https:\/\/www.trujilloinmobiliariasl.com\/index.php\/wp-json\/wp\/v2\/types\/page"}],"author":[{"embeddable":true,"href":"https:\/\/www.trujilloinmobiliariasl.com\/index.php\/wp-json\/wp\/v2\/users\/1"}],"replies":[{"embeddable":true,"href":"https:\/\/www.trujilloinmobiliariasl.com\/index.php\/wp-json\/wp\/v2\/comments?post=16"}],"version-history":[{"count":4,"href":"https:\/\/www.trujilloinmobiliariasl.com\/index.php\/wp-json\/wp\/v2\/pages\/16\/revisions"}],"predecessor-version":[{"id":2062,"href":"https:\/\/www.trujilloinmobiliariasl.com\/index.php\/wp-json\/wp\/v2\/pages\/16\/revisions\/2062"}],"wp:attachment":[{"href":"https:\/\/www.trujilloinmobiliariasl.com\/index.php\/wp-json\/wp\/v2\/media?parent=16"}],"curies":[{"name":"wp","href":"https:\/\/api.w.org\/{rel}","templated":true}]}}