{"id":36,"date":"2018-03-15T10:56:14","date_gmt":"2018-03-15T10:56:14","guid":{"rendered":"http:\/\/wp.efforttech.net\/newwp\/shina\/?page_id=36"},"modified":"2020-10-21T16:46:09","modified_gmt":"2020-10-21T15:46:09","slug":"contacta","status":"publish","type":"page","link":"https:\/\/www.trujilloinmobiliariasl.com\/index.php\/contacta\/","title":{"rendered":"Contacta"},"content":{"rendered":"<section class=\"kc-elm kc-css-310888 kc_row\"><div class=\"kc-row-container\"><div class=\"kc-wrap-columns\"><div class=\"kc-elm kc-css-779952 kc_col-sm-12 kc_column kc_col-sm-12\"><div class=\"kc-col-container\">\n<!--Contact Page Section-->\n<section class=\"contact-page-section\">\n    <div class=\"auto-container\">\n        <!--Sec Title-->\n        <div class=\"sec-title centered\">\n            <div class=\"title\">Contacta con nosotros<\/div>\n            <h2>Formulario de contacto<\/h2>\n            <div class=\"separator\"><\/div>\n        <\/div>\n\n        <!--Contact Form-->\n        <div class=\"contact-form\">\n            \n            \n                <div role=\"form\" class=\"wpcf7\" id=\"wpcf7-f301-o1\" lang=\"en-US\" dir=\"ltr\">\n<div class=\"screen-reader-response\"><p role=\"status\" aria-live=\"polite\" aria-atomic=\"true\"><\/p> <ul><\/ul><\/div>\n<form action=\"\/index.php\/wp-json\/wp\/v2\/pages\/36#wpcf7-f301-o1\" method=\"post\" class=\"wpcf7-form init\" novalidate=\"novalidate\" data-status=\"init\">\n<div style=\"display: none;\">\n<input type=\"hidden\" name=\"_wpcf7\" value=\"301\" \/>\n<input type=\"hidden\" name=\"_wpcf7_version\" value=\"5.4\" \/>\n<input type=\"hidden\" name=\"_wpcf7_locale\" value=\"en_US\" \/>\n<input type=\"hidden\" name=\"_wpcf7_unit_tag\" value=\"wpcf7-f301-o1\" \/>\n<input type=\"hidden\" name=\"_wpcf7_container_post\" value=\"0\" \/>\n<input type=\"hidden\" name=\"_wpcf7_posted_data_hash\" value=\"\" \/>\n<input type=\"hidden\" name=\"_wpcf7_recaptcha_response\" value=\"\" \/>\n<\/div>\n<div class=\"row clearfix\">\n<div class=\"form-group col-md-6 col-sm-6 col-xs-12\"><span class=\"wpcf7-form-control-wrap text-919\"><input type=\"text\" name=\"text-919\" value=\"\" size=\"40\" class=\"wpcf7-form-control wpcf7-text wpcf7-validates-as-required\" aria-required=\"true\" aria-invalid=\"false\" placeholder=\"Nombre y Apellidos\" \/><\/span><\/div>\n<div class=\"form-group col-md-6 col-sm-6 col-xs-12\"><span class=\"wpcf7-form-control-wrap email-900\"><input type=\"email\" name=\"email-900\" value=\"\" size=\"40\" class=\"wpcf7-form-control wpcf7-text wpcf7-email wpcf7-validates-as-required wpcf7-validates-as-email\" aria-required=\"true\" aria-invalid=\"false\" placeholder=\"correo electronico\" \/><\/span><\/div>\n<div class=\"form-group col-md-6 col-sm-6 col-xs-12\"><span class=\"wpcf7-form-control-wrap text-918\"><input type=\"text\" name=\"text-918\" value=\"\" size=\"40\" class=\"wpcf7-form-control wpcf7-text wpcf7-validates-as-required\" aria-required=\"true\" aria-invalid=\"false\" placeholder=\"Asunto\" \/><\/span><\/div>\n<div class=\"form-group col-md-6 col-sm-6 col-xs-12\"><span class=\"wpcf7-form-control-wrap text-917\"><input type=\"text\" name=\"text-917\" value=\"\" size=\"40\" class=\"wpcf7-form-control wpcf7-text wpcf7-validates-as-required\" aria-required=\"true\" aria-invalid=\"false\" placeholder=\"N\u00ba tel\u00e9fono.\" \/><\/span><\/div>\n<div class=\"form-group col-md-12 col-sm-12 col-xs-12\"><span class=\"wpcf7-form-control-wrap textarea-272\"><textarea name=\"textarea-272\" cols=\"40\" rows=\"10\" class=\"wpcf7-form-control wpcf7-textarea\" aria-invalid=\"false\" placeholder=\"Mensaje\"><\/textarea><\/span><\/p>\n<p><span class=\"wpcf7-form-control-wrap acceptance-506\"><span class=\"wpcf7-form-control wpcf7-acceptance\"><span class=\"wpcf7-list-item\"><label><input type=\"checkbox\" name=\"acceptance-506\" value=\"1\" aria-invalid=\"false\" \/><span class=\"wpcf7-list-item-label\">Aceptaci\u00f3n Pol\u00edtica Protecci\u00f3n de Datos<\/span><\/label><\/span><\/span><\/span><table class=\"pdrgpd_primeracapa\">\n <tr>\n  <th colspan=2 class=\"pdrgpd_primeracapa\">Informaci\u00f3n b\u00e1sica sobre protecci\u00f3n de datos<\/th>\n <\/tr>\n <tr>\n <th class=\"pdrgpd_primeracapa\">Responsable<\/th>\n <td class=\"pdrgpd_primeracapa\">Trujillo Servicios Inmobiliarios S.L. <a href=\"https:\/\/www.trujilloinmobiliariasl.com\/privacidad\/#responsable\" target=\"_blank\" rel=\"noopener noreferrer\">+info...<\/a><\/td>\n <\/tr>\n <tr>\n <th class=\"pdrgpd_primeracapa\">Finalidad<\/th>\n <td class=\"pdrgpd_primeracapa\">Mantener el contacto contigo u otras acciones obligatorias. <a href=\"https:\/\/www.trujilloinmobiliariasl.com\/privacidad\/#finalidad\" target=\"_blank\" rel=\"noopener noreferrer\">+info...<\/a><\/td>\n <\/tr>\n <tr>\n <th class=\"pdrgpd_primeracapa\">Legitimaci\u00f3n<\/th>\n <td class=\"pdrgpd_primeracapa\">Consentimiento del interesado. <a href=\"https:\/\/www.trujilloinmobiliariasl.com\/privacidad\/#legitimacion\" target=\"_blank\" rel=\"noopener noreferrer\">+info...<\/a><\/td>\n <\/tr>\n <tr>\n <th class=\"pdrgpd_primeracapa\">Destinatarios<\/th>\n <td class=\"pdrgpd_primeracapa\">No se ceder\u00e1n datos a terceros, salvo obligaci\u00f3n legal <a href=\"https:\/\/www.trujilloinmobiliariasl.com\/privacidad\/#transferencia\" target=\"_blank\" rel=\"noopener noreferrer\">+info...<\/a><\/td>\n <\/tr>\n <tr>\n <th class=\"pdrgpd_primeracapa\">Derechos<\/th>\n <td class=\"pdrgpd_primeracapa\">Acceder, rectificar y suprimir los datos, as\u00ed como otros derechos. <a href=\"https:\/\/www.trujilloinmobiliariasl.com\/privacidad\/#derechos\" target=\"_blank\" rel=\"noopener noreferrer\">+info...<\/a><\/td>\n <\/tr>\n <tr>\n <th class=\"pdrgpd_primeracapa\">Informaci\u00f3n adicional<\/th>\n <td class=\"pdrgpd_primeracapa\">Puedes consultar la informaci\u00f3n adicional y detallada sobre protecci\u00f3n de datos en nuestra p\u00e1gina de <a href=\"https:\/\/www.trujilloinmobiliariasl.com\/privacidad\/\" target=\"_blank\" rel=\"noopener noreferrer\">pol\u00edtica de privacidad<\/a>.<\/td>\n <\/tr>\n<\/table>\n<\/p><\/div>\n<div class=\"form-group text-center col-md-12 col-sm-12 col-xs-12\"><input type=\"submit\" value=\"Enviar Ahora\" class=\"wpcf7-form-control wpcf7-submit theme-btn btn-style-three\" \/><\/div>\n<\/div>\n<div class=\"wpcf7-response-output\" aria-hidden=\"true\"><\/div><\/form><\/div>\n                        \n        <\/div>\n        <!--End Contact Form-->\n\n    <\/div>\n<\/section>\n<!--End Contact Page Section--><\/div><\/div><\/div><\/div><\/section>\n","protected":false},"excerpt":{"rendered":"","protected":false},"author":1,"featured_media":0,"parent":0,"menu_order":0,"comment_status":"closed","ping_status":"closed","template":"tpl-king_composer.php","meta":[],"_links":{"self":[{"href":"https:\/\/www.trujilloinmobiliariasl.com\/index.php\/wp-json\/wp\/v2\/pages\/36"}],"collection":[{"href":"https:\/\/www.trujilloinmobiliariasl.com\/index.php\/wp-json\/wp\/v2\/pages"}],"about":[{"href":"https:\/\/www.trujilloinmobiliariasl.com\/index.php\/wp-json\/wp\/v2\/types\/page"}],"author":[{"embeddable":true,"href":"https:\/\/www.trujilloinmobiliariasl.com\/index.php\/wp-json\/wp\/v2\/users\/1"}],"replies":[{"embeddable":true,"href":"https:\/\/www.trujilloinmobiliariasl.com\/index.php\/wp-json\/wp\/v2\/comments?post=36"}],"version-history":[{"count":8,"href":"https:\/\/www.trujilloinmobiliariasl.com\/index.php\/wp-json\/wp\/v2\/pages\/36\/revisions"}],"predecessor-version":[{"id":1715,"href":"https:\/\/www.trujilloinmobiliariasl.com\/index.php\/wp-json\/wp\/v2\/pages\/36\/revisions\/1715"}],"wp:attachment":[{"href":"https:\/\/www.trujilloinmobiliariasl.com\/index.php\/wp-json\/wp\/v2\/media?parent=36"}],"curies":[{"name":"wp","href":"https:\/\/api.w.org\/{rel}","templated":true}]}}